{"id":13,"date":"2024-11-08T21:44:54","date_gmt":"2024-11-09T01:44:54","guid":{"rendered":"https:\/\/luacrafts.com\/gallery\/"},"modified":"2024-12-03T17:18:19","modified_gmt":"2024-12-03T21:18:19","slug":"gallery","status":"publish","type":"page","link":"https:\/\/luacrafts.com\/es\/gallery\/","title":{"rendered":"Creaciones art\u00edsticas \u00fanicas en resina en LuA Crafts"},"content":{"rendered":"<div class=\"wp-block-group alignfull has-background-background-color has-background has-global-padding is-layout-constrained wp-block-group-is-layout-constrained\" style=\"margin-top:0;margin-bottom:0;padding-top:0;padding-bottom:0\">\n<div class=\"wp-block-cover alignfull\" style=\"padding-top:0;padding-right:0;padding-bottom:0;padding-left:0;min-height:50px;aspect-ratio:unset;\"><span aria-hidden=\"true\" class=\"wp-block-cover__background has-black-background-color has-background-dim-60 has-background-dim\"><\/span><img data-recalc-dims=\"1\" decoding=\"async\" width=\"1024\" height=\"1024\" class=\"wp-block-cover__image-background wp-image-385\" alt=\"\" src=\"https:\/\/i0.wp.com\/luacrafts.com\/wp-content\/uploads\/img-Bh4um59oZ02h4M86TN2zucSi.jpg?resize=1024%2C1024&#038;ssl=1\" data-object-fit=\"cover\" srcset=\"https:\/\/i0.wp.com\/luacrafts.com\/wp-content\/uploads\/img-Bh4um59oZ02h4M86TN2zucSi.jpg?w=1024&amp;ssl=1 1024w, https:\/\/i0.wp.com\/luacrafts.com\/wp-content\/uploads\/img-Bh4um59oZ02h4M86TN2zucSi.jpg?resize=300%2C300&amp;ssl=1 300w, https:\/\/i0.wp.com\/luacrafts.com\/wp-content\/uploads\/img-Bh4um59oZ02h4M86TN2zucSi.jpg?resize=150%2C150&amp;ssl=1 150w, https:\/\/i0.wp.com\/luacrafts.com\/wp-content\/uploads\/img-Bh4um59oZ02h4M86TN2zucSi.jpg?resize=768%2C768&amp;ssl=1 768w, https:\/\/i0.wp.com\/luacrafts.com\/wp-content\/uploads\/img-Bh4um59oZ02h4M86TN2zucSi.jpg?resize=600%2C600&amp;ssl=1 600w, https:\/\/i0.wp.com\/luacrafts.com\/wp-content\/uploads\/img-Bh4um59oZ02h4M86TN2zucSi.jpg?resize=100%2C100&amp;ssl=1 100w\" sizes=\"(max-width: 1000px) 100vw, 1000px\" \/><div class=\"wp-block-cover__inner-container is-layout-flow wp-block-cover-is-layout-flow\">\n<div class=\"wp-block-group has-global-padding is-layout-constrained wp-container-core-group-is-layout-dc79e9a9 wp-block-group-is-layout-constrained\" style=\"padding-top:var(--wp--preset--spacing--60);padding-right:var(--wp--preset--spacing--30);padding-bottom:var(--wp--preset--spacing--60);padding-left:var(--wp--preset--spacing--30)\">\n<h1 class=\"wp-block-heading has-text-align-center has-text-color has-x-large-font-size\" style=\"color:#fffffffc\">Explora las creaciones \u00fanicas: escaparate de LuA Resin Crafts<\/h1>\n<\/div>\n<\/div><\/div>\n<\/div>\n\n\n\n<div class=\"wp-block-group alignfull has-tertiary-background-color has-background has-global-padding is-layout-constrained wp-container-core-group-is-layout-7276a2bb wp-block-group-is-layout-constrained\" id=\"gallery\" style=\"margin-top:0;margin-bottom:0;padding-top:var(--wp--preset--spacing--60);padding-right:var(--wp--preset--spacing--30);padding-bottom:var(--wp--preset--spacing--60);padding-left:var(--wp--preset--spacing--30)\">\n<div class=\"wp-block-group alignwide has-global-padding is-content-justification-left is-layout-constrained wp-container-core-group-is-layout-8b4c372c wp-block-group-is-layout-constrained\">\n<h2 class=\"wp-block-heading has-large-font-size\">Galer\u00eda de resinas LuA<\/h2>\n\n\n\n<p style=\"margin-top:16px\">Explora las artesan\u00edas de resina de LuA<\/p>\n<\/div>\n\n\n\n<div class=\"wp-block-jetpack-tiled-gallery alignwide is-style-rectangular\" style=\"margin-top:0;margin-right:0;margin-bottom:0;margin-left:0;padding-top:0;padding-right:0;padding-bottom:0;padding-left:0\"><div class=\"has-rounded-corners-9\"><div class=\"tiled-gallery__gallery\"><div class=\"tiled-gallery__row\"><div class=\"tiled-gallery__col\" style=\"flex-basis:34.68283%\"><figure class=\"tiled-gallery__item\"><img decoding=\"async\" srcset=\"https:\/\/i0.wp.com\/luacrafts.com\/wp-content\/uploads\/coaster-4-768x1024.jpg?strip=info&#038;w=600&#038;ssl=1 600w,https:\/\/i0.wp.com\/luacrafts.com\/wp-content\/uploads\/coaster-4-768x1024.jpg?strip=info&#038;w=900&#038;ssl=1 900w,https:\/\/i0.wp.com\/luacrafts.com\/wp-content\/uploads\/coaster-4-768x1024.jpg?strip=info&#038;w=1200&#038;ssl=1 1200w,https:\/\/i0.wp.com\/luacrafts.com\/wp-content\/uploads\/coaster-4-768x1024.jpg?strip=info&#038;w=1440&#038;ssl=1 1440w\" alt=\"\" data-height=\"1920\" data-id=\"426\" data-link=\"https:\/\/luacrafts.com\/?attachment_id=426\" data-url=\"https:\/\/luacrafts.com\/wp-content\/uploads\/coaster-4-768x1024.jpg\" data-width=\"1440\" src=\"https:\/\/i0.wp.com\/luacrafts.com\/wp-content\/uploads\/coaster-4-768x1024.jpg?ssl=1\" data-amp-layout=\"responsive\" tabindex=\"0\" role=\"button\" aria-label=\"Abrir imagen 1 de 6 en pantalla completa\"\/><\/figure><\/div><div class=\"tiled-gallery__col\" style=\"flex-basis:30.63433%\"><figure class=\"tiled-gallery__item\"><img decoding=\"async\" srcset=\"https:\/\/i0.wp.com\/luacrafts.com\/wp-content\/uploads\/20241111_2249407385373071983695576-1024x768-1.webp?strip=info&#038;w=600&#038;ssl=1 600w,https:\/\/i0.wp.com\/luacrafts.com\/wp-content\/uploads\/20241111_2249407385373071983695576-1024x768-1.webp?strip=info&#038;w=900&#038;ssl=1 900w,https:\/\/i0.wp.com\/luacrafts.com\/wp-content\/uploads\/20241111_2249407385373071983695576-1024x768-1.webp?strip=info&#038;w=1024&#038;ssl=1 1024w\" alt=\"\" data-height=\"768\" data-id=\"612\" data-link=\"https:\/\/luacrafts.com\/gallery\/20241111_2249407385373071983695576-1024x768\/\" data-url=\"https:\/\/luacrafts.com\/wp-content\/uploads\/20241111_2249407385373071983695576-1024x768-1.webp\" data-width=\"1024\" src=\"https:\/\/i0.wp.com\/luacrafts.com\/wp-content\/uploads\/20241111_2249407385373071983695576-1024x768-1.webp?ssl=1\" data-amp-layout=\"responsive\" tabindex=\"0\" role=\"button\" aria-label=\"Abrir imagen 2 de 6 en pantalla completa\"\/><\/figure><figure class=\"tiled-gallery__item\"><img decoding=\"async\" srcset=\"https:\/\/i0.wp.com\/luacrafts.com\/wp-content\/uploads\/20241111_15511957086118392628183-1024x768-1.webp?strip=info&#038;w=600&#038;ssl=1 600w,https:\/\/i0.wp.com\/luacrafts.com\/wp-content\/uploads\/20241111_15511957086118392628183-1024x768-1.webp?strip=info&#038;w=900&#038;ssl=1 900w,https:\/\/i0.wp.com\/luacrafts.com\/wp-content\/uploads\/20241111_15511957086118392628183-1024x768-1.webp?strip=info&#038;w=1024&#038;ssl=1 1024w\" alt=\"\" data-height=\"768\" data-id=\"613\" data-link=\"https:\/\/luacrafts.com\/gallery\/20241111_15511957086118392628183-1024x768\/\" data-url=\"https:\/\/luacrafts.com\/wp-content\/uploads\/20241111_15511957086118392628183-1024x768-1.webp\" data-width=\"1024\" src=\"https:\/\/i0.wp.com\/luacrafts.com\/wp-content\/uploads\/20241111_15511957086118392628183-1024x768-1.webp?ssl=1\" data-amp-layout=\"responsive\" tabindex=\"0\" role=\"button\" aria-label=\"Abrir imagen 3 de 6 en pantalla completa\"\/><\/figure><\/div><div class=\"tiled-gallery__col\" style=\"flex-basis:34.68283%\"><figure class=\"tiled-gallery__item\"><img decoding=\"async\" srcset=\"https:\/\/i0.wp.com\/luacrafts.com\/wp-content\/uploads\/frog-768x1024.jpg?strip=info&#038;w=600&#038;ssl=1 600w,https:\/\/i0.wp.com\/luacrafts.com\/wp-content\/uploads\/frog-768x1024.jpg?strip=info&#038;w=900&#038;ssl=1 900w,https:\/\/i0.wp.com\/luacrafts.com\/wp-content\/uploads\/frog-768x1024.jpg?strip=info&#038;w=1200&#038;ssl=1 1200w,https:\/\/i0.wp.com\/luacrafts.com\/wp-content\/uploads\/frog-768x1024.jpg?strip=info&#038;w=1440&#038;ssl=1 1440w\" alt=\"\" data-height=\"1920\" data-id=\"438\" data-link=\"https:\/\/luacrafts.com\/?attachment_id=438\" data-url=\"https:\/\/luacrafts.com\/wp-content\/uploads\/frog-768x1024.jpg\" data-width=\"1440\" src=\"https:\/\/i0.wp.com\/luacrafts.com\/wp-content\/uploads\/frog-768x1024.jpg?ssl=1\" data-amp-layout=\"responsive\" tabindex=\"0\" role=\"button\" aria-label=\"Abrir imagen 4 de 6 en pantalla completa\"\/><\/figure><\/div><\/div><div class=\"tiled-gallery__row\"><div class=\"tiled-gallery__col\" style=\"flex-basis:57.12971%\"><figure class=\"tiled-gallery__item\"><img decoding=\"async\" srcset=\"https:\/\/i0.wp.com\/luacrafts.com\/wp-content\/uploads\/20241111_1544574902402426500297933-1024x768-1.webp?strip=info&#038;w=600&#038;ssl=1 600w,https:\/\/i0.wp.com\/luacrafts.com\/wp-content\/uploads\/20241111_1544574902402426500297933-1024x768-1.webp?strip=info&#038;w=900&#038;ssl=1 900w,https:\/\/i0.wp.com\/luacrafts.com\/wp-content\/uploads\/20241111_1544574902402426500297933-1024x768-1.webp?strip=info&#038;w=1024&#038;ssl=1 1024w\" alt=\"\" data-height=\"768\" data-id=\"614\" data-link=\"https:\/\/luacrafts.com\/gallery\/20241111_1544574902402426500297933-1024x768-1\/\" data-url=\"https:\/\/luacrafts.com\/wp-content\/uploads\/20241111_1544574902402426500297933-1024x768-1.webp\" data-width=\"1024\" src=\"https:\/\/i0.wp.com\/luacrafts.com\/wp-content\/uploads\/20241111_1544574902402426500297933-1024x768-1.webp?ssl=1\" data-amp-layout=\"responsive\" tabindex=\"0\" role=\"button\" aria-label=\"Abrir imagen 5 de 6 en pantalla completa\"\/><\/figure><\/div><div class=\"tiled-gallery__col\" style=\"flex-basis:42.87029%\"><figure class=\"tiled-gallery__item\"><img data-recalc-dims=\"1\" height=\"1024\" width=\"768\" decoding=\"async\" alt=\"\" data-id=\"432\" data-link=\"https:\/\/luacrafts.com\/?attachment_id=432\" data-url=\"https:\/\/luacrafts.com\/wp-content\/uploads\/christmas-gnome-3-768x1024.jpg\" src=\"https:\/\/i0.wp.com\/luacrafts.com\/wp-content\/uploads\/christmas-gnome-3.jpg?resize=768%2C1024&#038;ssl=1\" data-amp-layout=\"responsive\" tabindex=\"0\" role=\"button\" aria-label=\"Abrir imagen 6 de 6 en pantalla completa\"\/><\/figure><\/div><\/div><\/div><\/div><\/div>\n<\/div>\n\n\n\n<div class=\"wp-block-jetpack-tiled-gallery alignwide is-style-rectangular\" style=\"margin-top:var(--wp--preset--spacing--20);margin-bottom:var(--wp--preset--spacing--20)\"><div class=\"has-rounded-corners-8\"><div class=\"tiled-gallery__gallery\"><div class=\"tiled-gallery__row\"><div class=\"tiled-gallery__col\" style=\"flex-basis:64.08018%\"><figure class=\"tiled-gallery__item\"><img decoding=\"async\" srcset=\"https:\/\/i0.wp.com\/luacrafts.com\/wp-content\/uploads\/20241123_093405-1-1024x766.jpg?strip=info&#038;w=600&#038;ssl=1 600w,https:\/\/i0.wp.com\/luacrafts.com\/wp-content\/uploads\/20241123_093405-1-1024x766.jpg?strip=info&#038;w=900&#038;ssl=1 900w,https:\/\/i0.wp.com\/luacrafts.com\/wp-content\/uploads\/20241123_093405-1-1024x766.jpg?strip=info&#038;w=1200&#038;ssl=1 1200w,https:\/\/i0.wp.com\/luacrafts.com\/wp-content\/uploads\/20241123_093405-1-1024x766.jpg?strip=info&#038;w=1500&#038;ssl=1 1500w,https:\/\/i0.wp.com\/luacrafts.com\/wp-content\/uploads\/20241123_093405-1-1024x766.jpg?strip=info&#038;w=1800&#038;ssl=1 1800w,https:\/\/i0.wp.com\/luacrafts.com\/wp-content\/uploads\/20241123_093405-1-1024x766.jpg?strip=info&#038;w=1920&#038;ssl=1 1920w\" alt=\"\" data-height=\"1436\" data-id=\"573\" data-link=\"https:\/\/luacrafts.com\/gallery\/20241123_093405-2\/\" data-url=\"https:\/\/luacrafts.com\/wp-content\/uploads\/20241123_093405-1-1024x766.jpg\" data-width=\"1920\" src=\"https:\/\/i0.wp.com\/luacrafts.com\/wp-content\/uploads\/20241123_093405-1-1024x766.jpg?ssl=1\" data-amp-layout=\"responsive\" tabindex=\"0\" role=\"button\" aria-label=\"Abrir imagen 1 de 6 en pantalla completa\"\/><\/figure><\/div><div class=\"tiled-gallery__col\" style=\"flex-basis:35.91982%\"><figure class=\"tiled-gallery__item\"><img decoding=\"async\" srcset=\"https:\/\/i0.wp.com\/luacrafts.com\/wp-content\/uploads\/20241123_093338-1-766x1024.jpg?strip=info&#038;w=600&#038;ssl=1 600w,https:\/\/i0.wp.com\/luacrafts.com\/wp-content\/uploads\/20241123_093338-1-766x1024.jpg?strip=info&#038;w=900&#038;ssl=1 900w,https:\/\/i0.wp.com\/luacrafts.com\/wp-content\/uploads\/20241123_093338-1-766x1024.jpg?strip=info&#038;w=1200&#038;ssl=1 1200w,https:\/\/i0.wp.com\/luacrafts.com\/wp-content\/uploads\/20241123_093338-1-766x1024.jpg?strip=info&#038;w=1436&#038;ssl=1 1436w\" alt=\"\" data-height=\"1920\" data-id=\"570\" data-link=\"https:\/\/luacrafts.com\/gallery\/20241123_093338-2\/\" data-url=\"https:\/\/luacrafts.com\/wp-content\/uploads\/20241123_093338-1-766x1024.jpg\" data-width=\"1436\" src=\"https:\/\/i0.wp.com\/luacrafts.com\/wp-content\/uploads\/20241123_093338-1-766x1024.jpg?ssl=1\" data-amp-layout=\"responsive\" tabindex=\"0\" role=\"button\" aria-label=\"Abrir imagen 2 de 6 en pantalla completa\"\/><\/figure><\/div><\/div><div class=\"tiled-gallery__row\"><div class=\"tiled-gallery__col\" style=\"flex-basis:32.37120%\"><figure class=\"tiled-gallery__item\"><img decoding=\"async\" srcset=\"https:\/\/i0.wp.com\/luacrafts.com\/wp-content\/uploads\/20241123_104111-1024x768.jpg?strip=info&#038;w=600&#038;ssl=1 600w,https:\/\/i0.wp.com\/luacrafts.com\/wp-content\/uploads\/20241123_104111-1024x768.jpg?strip=info&#038;w=900&#038;ssl=1 900w,https:\/\/i0.wp.com\/luacrafts.com\/wp-content\/uploads\/20241123_104111-1024x768.jpg?strip=info&#038;w=1200&#038;ssl=1 1200w,https:\/\/i0.wp.com\/luacrafts.com\/wp-content\/uploads\/20241123_104111-1024x768.jpg?strip=info&#038;w=1500&#038;ssl=1 1500w,https:\/\/i0.wp.com\/luacrafts.com\/wp-content\/uploads\/20241123_104111-1024x768.jpg?strip=info&#038;w=1800&#038;ssl=1 1800w,https:\/\/i0.wp.com\/luacrafts.com\/wp-content\/uploads\/20241123_104111-1024x768.jpg?strip=info&#038;w=1920&#038;ssl=1 1920w\" alt=\"\" data-height=\"1440\" data-id=\"571\" data-link=\"https:\/\/luacrafts.com\/gallery\/20241123_104111\/\" data-url=\"https:\/\/luacrafts.com\/wp-content\/uploads\/20241123_104111-1024x768.jpg\" data-width=\"1920\" src=\"https:\/\/i0.wp.com\/luacrafts.com\/wp-content\/uploads\/20241123_104111-1024x768.jpg?ssl=1\" data-amp-layout=\"responsive\" tabindex=\"0\" role=\"button\" aria-label=\"Abrir imagen 3 de 6 en pantalla completa\"\/><\/figure><\/div><div class=\"tiled-gallery__col\" style=\"flex-basis:18.23258%\"><figure class=\"tiled-gallery__item\"><img decoding=\"async\" srcset=\"https:\/\/i0.wp.com\/luacrafts.com\/wp-content\/uploads\/20241123_093348-1-766x1024.jpg?strip=info&#038;w=600&#038;ssl=1 600w,https:\/\/i0.wp.com\/luacrafts.com\/wp-content\/uploads\/20241123_093348-1-766x1024.jpg?strip=info&#038;w=900&#038;ssl=1 900w,https:\/\/i0.wp.com\/luacrafts.com\/wp-content\/uploads\/20241123_093348-1-766x1024.jpg?strip=info&#038;w=1200&#038;ssl=1 1200w,https:\/\/i0.wp.com\/luacrafts.com\/wp-content\/uploads\/20241123_093348-1-766x1024.jpg?strip=info&#038;w=1436&#038;ssl=1 1436w\" alt=\"\" data-height=\"1920\" data-id=\"568\" data-link=\"https:\/\/luacrafts.com\/gallery\/20241123_093348-2\/\" data-url=\"https:\/\/luacrafts.com\/wp-content\/uploads\/20241123_093348-1-766x1024.jpg\" data-width=\"1436\" src=\"https:\/\/i0.wp.com\/luacrafts.com\/wp-content\/uploads\/20241123_093348-1-766x1024.jpg?ssl=1\" data-amp-layout=\"responsive\" tabindex=\"0\" role=\"button\" aria-label=\"Abrir imagen 4 de 6 en pantalla completa\"\/><\/figure><\/div><div class=\"tiled-gallery__col\" style=\"flex-basis:32.37120%\"><figure class=\"tiled-gallery__item\"><img decoding=\"async\" srcset=\"https:\/\/i0.wp.com\/luacrafts.com\/wp-content\/uploads\/20241123_104107-1024x768.jpg?strip=info&#038;w=600&#038;ssl=1 600w,https:\/\/i0.wp.com\/luacrafts.com\/wp-content\/uploads\/20241123_104107-1024x768.jpg?strip=info&#038;w=900&#038;ssl=1 900w,https:\/\/i0.wp.com\/luacrafts.com\/wp-content\/uploads\/20241123_104107-1024x768.jpg?strip=info&#038;w=1200&#038;ssl=1 1200w,https:\/\/i0.wp.com\/luacrafts.com\/wp-content\/uploads\/20241123_104107-1024x768.jpg?strip=info&#038;w=1500&#038;ssl=1 1500w,https:\/\/i0.wp.com\/luacrafts.com\/wp-content\/uploads\/20241123_104107-1024x768.jpg?strip=info&#038;w=1800&#038;ssl=1 1800w,https:\/\/i0.wp.com\/luacrafts.com\/wp-content\/uploads\/20241123_104107-1024x768.jpg?strip=info&#038;w=1920&#038;ssl=1 1920w\" alt=\"\" data-height=\"1440\" data-id=\"569\" data-link=\"https:\/\/luacrafts.com\/gallery\/20241123_104107\/\" data-url=\"https:\/\/luacrafts.com\/wp-content\/uploads\/20241123_104107-1024x768.jpg\" data-width=\"1920\" src=\"https:\/\/i0.wp.com\/luacrafts.com\/wp-content\/uploads\/20241123_104107-1024x768.jpg?ssl=1\" data-amp-layout=\"responsive\" tabindex=\"0\" role=\"button\" aria-label=\"Abrir imagen 5 de 6 en pantalla completa\"\/><\/figure><\/div><div class=\"tiled-gallery__col\" style=\"flex-basis:17.02501%\"><figure class=\"tiled-gallery__item\"><img decoding=\"async\" srcset=\"https:\/\/i0.wp.com\/luacrafts.com\/wp-content\/uploads\/20241123_093412-e1732369293877-715x1024.jpg?strip=info&#038;w=600&#038;ssl=1 600w,https:\/\/i0.wp.com\/luacrafts.com\/wp-content\/uploads\/20241123_093412-e1732369293877-715x1024.jpg?strip=info&#038;w=900&#038;ssl=1 900w,https:\/\/i0.wp.com\/luacrafts.com\/wp-content\/uploads\/20241123_093412-e1732369293877-715x1024.jpg?strip=info&#038;w=1200&#038;ssl=1 1200w,https:\/\/i0.wp.com\/luacrafts.com\/wp-content\/uploads\/20241123_093412-e1732369293877-715x1024.jpg?strip=info&#038;w=1340&#038;ssl=1 1340w\" alt=\"\" data-height=\"1920\" data-id=\"552\" data-link=\"https:\/\/luacrafts.com\/home\/20241123_093412\/\" data-url=\"https:\/\/luacrafts.com\/wp-content\/uploads\/20241123_093412-e1732369293877-715x1024.jpg\" data-width=\"1340\" src=\"https:\/\/i0.wp.com\/luacrafts.com\/wp-content\/uploads\/20241123_093412-e1732369293877-715x1024.jpg?ssl=1\" data-amp-layout=\"responsive\" tabindex=\"0\" role=\"button\" aria-label=\"Abrir imagen 6 de 6 en pantalla completa\"\/><\/figure><\/div><\/div><\/div><\/div><\/div>\n\n\n\n<div class=\"wp-block-group alignfull has-tertiary-background-color has-background has-global-padding is-layout-constrained wp-container-core-group-is-layout-7276a2bb wp-block-group-is-layout-constrained\" style=\"margin-top:0;margin-bottom:0;padding-top:var(--wp--preset--spacing--60);padding-right:var(--wp--preset--spacing--30);padding-bottom:var(--wp--preset--spacing--60);padding-left:var(--wp--preset--spacing--30)\">\n<div class=\"wp-block-group alignwide has-background-background-color has-background is-content-justification-space-between is-layout-flex wp-container-core-group-is-layout-4be20cc5 wp-block-group-is-layout-flex\" style=\"padding-top:var(--wp--preset--spacing--50);padding-right:var(--wp--preset--spacing--50);padding-bottom:var(--wp--preset--spacing--50);padding-left:var(--wp--preset--spacing--50)\">\n<div class=\"wp-block-group has-global-padding is-layout-constrained wp-block-group-is-layout-constrained\">\n<h2 class=\"wp-block-heading has-large-font-size\">Sum\u00e9rgete en el arte de la resina<\/h2>\n\n\n\n<p style=\"margin-top:16px\">Da rienda suelta a tu creatividad con LuA Resin Crafts. Explora materiales \u00fanicos y consejos de expertos para crear piezas asombrosas.<\/p>\n<\/div>\n\n\n\n<div class=\"wp-block-buttons is-content-justification-left is-layout-flex wp-container-core-buttons-is-layout-82056a45 wp-block-buttons-is-layout-flex\">\n<div class=\"wp-block-button is-style-outline is-style-outline--1\"><a class=\"wp-block-button__link wp-element-button\" href=\"\/es\/about\/\">Descubra m\u00e1s<\/a><\/div>\n\n\n\n<div class=\"wp-block-button\"><a class=\"wp-block-button__link wp-element-button\" href=\"\/es\/pricing\/\">Explorar la colecci\u00f3n<\/a><\/div>\n<\/div>\n<\/div>\n<\/div>\n\n\n\n<p><\/p>","protected":false},"excerpt":{"rendered":"<p>Galer\u00eda de resinas de LuA Explora las artesan\u00edas de resina de LuA Sum\u00e9rgete en el arte de la resina Da rienda suelta a tu creatividad con las artesan\u00edas de resina de LuA. Explora materiales \u00fanicos y consejos de expertos para crear piezas impresionantes.<\/p>","protected":false},"author":1,"featured_media":0,"parent":0,"menu_order":0,"comment_status":"closed","ping_status":"closed","template":"no-title","meta":{"_monsterinsights_skip_tracking":false,"_monsterinsights_sitenote_active":false,"_monsterinsights_sitenote_note":"","_monsterinsights_sitenote_category":0,"footnotes":""},"class_list":["post-13","page","type-page","status-publish","hentry"],"aioseo_notices":[],"jetpack_sharing_enabled":true,"_links":{"self":[{"href":"https:\/\/luacrafts.com\/es\/wp-json\/wp\/v2\/pages\/13","targetHints":{"allow":["GET"]}}],"collection":[{"href":"https:\/\/luacrafts.com\/es\/wp-json\/wp\/v2\/pages"}],"about":[{"href":"https:\/\/luacrafts.com\/es\/wp-json\/wp\/v2\/types\/page"}],"author":[{"embeddable":true,"href":"https:\/\/luacrafts.com\/es\/wp-json\/wp\/v2\/users\/1"}],"replies":[{"embeddable":true,"href":"https:\/\/luacrafts.com\/es\/wp-json\/wp\/v2\/comments?post=13"}],"version-history":[{"count":11,"href":"https:\/\/luacrafts.com\/es\/wp-json\/wp\/v2\/pages\/13\/revisions"}],"predecessor-version":[{"id":617,"href":"https:\/\/luacrafts.com\/es\/wp-json\/wp\/v2\/pages\/13\/revisions\/617"}],"wp:attachment":[{"href":"https:\/\/luacrafts.com\/es\/wp-json\/wp\/v2\/media?parent=13"}],"curies":[{"name":"wp","href":"https:\/\/api.w.org\/{rel}","templated":true}]}}