{"id":16,"date":"2024-11-08T21:44:56","date_gmt":"2024-11-09T01:44:56","guid":{"rendered":"https:\/\/luacrafts.com\/home\/"},"modified":"2024-12-03T16:38:03","modified_gmt":"2024-12-03T20:38:03","slug":"home","status":"publish","type":"page","link":"https:\/\/luacrafts.com\/es\/","title":{"rendered":"Artesan\u00edas de resina \u00fanicas para tu estilo"},"content":{"rendered":"<div class=\"wp-block-group alignfull has-background-background-color has-background has-global-padding is-layout-constrained wp-container-core-group-is-layout-046d5c65 wp-block-group-is-layout-constrained\" style=\"margin-top:0;margin-bottom:0;padding-top:0;padding-right:var(--wp--preset--spacing--30);padding-bottom:0;padding-left:var(--wp--preset--spacing--30)\">\n<div class=\"wp-block-columns alignfull is-layout-flex wp-container-core-columns-is-layout-e5e30b16 wp-block-columns-is-layout-flex\" style=\"padding-right:0;padding-left:0\">\n<div class=\"wp-block-column is-vertically-aligned-center is-layout-flow wp-block-column-is-layout-flow\">\n<div class=\"wp-block-group has-global-padding is-content-justification-center is-layout-constrained wp-container-core-group-is-layout-4df20695 wp-block-group-is-layout-constrained\" style=\"padding-top:var(--wp--preset--spacing--60);padding-right:var(--wp--preset--spacing--30);padding-bottom:var(--wp--preset--spacing--60);padding-left:var(--wp--preset--spacing--30)\">\n<h2 class=\"wp-block-heading\" style=\"margin-top:12px\">\u00a1Encuentra tu pieza perfecta en LuA Resin Crafts!<\/h2>\n\n\n\n<p style=\"margin-top:16px\">\u00a1Explora la creatividad infinita de LuA Resin Crafts! Sum\u00e9rgete en un mundo de tesoros hechos a mano, desde joyas hasta decoraci\u00f3n del hogar. Usamos nuestra creatividad para darle vida a tu estilo.<\/p>\n\n\n\n<div class=\"wp-block-buttons is-layout-flex wp-container-core-buttons-is-layout-12dcd427 wp-block-buttons-is-layout-flex\" style=\"margin-top:var(--wp--preset--spacing--40)\">\n<div class=\"wp-block-button\"><a class=\"wp-block-button__link wp-element-button\" href=\"\/es\/gallery\/\">Explorar ahora<\/a><\/div>\n\n\n\n<div class=\"wp-block-button is-style-outline is-style-outline--1\"><a class=\"wp-block-button__link wp-element-button\" href=\"\/es\/about\/\">Descubrir<\/a><\/div>\n<\/div>\n<\/div>\n<\/div>\n\n\n\n<div class=\"wp-block-column is-vertically-aligned-stretch is-layout-flow wp-block-column-is-layout-flow\">\n<div class=\"wp-block-cover is-light has-aspect-ratio\" style=\"min-height:502px;aspect-ratio:3\/2;min-height:unset;\"><span aria-hidden=\"true\" class=\"wp-block-cover__background has-tertiary-background-color has-background-dim\"><\/span><img data-recalc-dims=\"1\" decoding=\"async\" width=\"1436\" height=\"1920\" class=\"wp-block-cover__image-background wp-image-550\" alt=\"Sample Products at our first bazaar\" src=\"https:\/\/i0.wp.com\/luacrafts.com\/wp-content\/uploads\/20241123_093338.jpg?resize=1436%2C1920&#038;ssl=1\" data-object-fit=\"cover\" srcset=\"https:\/\/i0.wp.com\/luacrafts.com\/wp-content\/uploads\/20241123_093338.jpg?w=1436&amp;ssl=1 1436w, https:\/\/i0.wp.com\/luacrafts.com\/wp-content\/uploads\/20241123_093338.jpg?resize=224%2C300&amp;ssl=1 224w, https:\/\/i0.wp.com\/luacrafts.com\/wp-content\/uploads\/20241123_093338.jpg?resize=766%2C1024&amp;ssl=1 766w, https:\/\/i0.wp.com\/luacrafts.com\/wp-content\/uploads\/20241123_093338.jpg?resize=768%2C1027&amp;ssl=1 768w, https:\/\/i0.wp.com\/luacrafts.com\/wp-content\/uploads\/20241123_093338.jpg?resize=1149%2C1536&amp;ssl=1 1149w, https:\/\/i0.wp.com\/luacrafts.com\/wp-content\/uploads\/20241123_093338.jpg?resize=9%2C12&amp;ssl=1 9w, https:\/\/i0.wp.com\/luacrafts.com\/wp-content\/uploads\/20241123_093338.jpg?resize=600%2C802&amp;ssl=1 600w\" sizes=\"(max-width: 1000px) 100vw, 1000px\" \/><div class=\"wp-block-cover__inner-container is-layout-flow wp-block-cover-is-layout-flow\">\n<p class=\"has-text-align-center has-large-font-size\"><\/p>\n<\/div><\/div>\n<\/div>\n<\/div>\n<\/div>\n\n\n\n<div class=\"wp-block-group alignfull has-tertiary-background-color has-background has-global-padding is-layout-constrained wp-container-core-group-is-layout-882a2d44 wp-block-group-is-layout-constrained\" id=\"products\" style=\"margin-top:0;margin-bottom:0;padding-top:var(--wp--preset--spacing--20);padding-right:var(--wp--preset--spacing--20);padding-bottom:var(--wp--preset--spacing--20);padding-left:var(--wp--preset--spacing--20)\">\n<div class=\"wp-block-group alignwide has-global-padding is-content-justification-left is-layout-constrained wp-container-core-group-is-layout-8b4c372c wp-block-group-is-layout-constrained\">\n<h2 class=\"wp-block-heading has-large-font-size\">Maravillas de resina aqu\u00ed<\/h2>\n\n\n\n<p style=\"margin-top:16px\">Visita nuestra galer\u00eda online y descubre piezas \u00fanicas de resina que alegran cada rinc\u00f3n. Encuentra ofertas exclusivas en impresionantes joyas y art\u00edculos de decoraci\u00f3n para el hogar de resina.<\/p>\n<\/div>\n\n\n<div data-block-name=\"woocommerce\/handpicked-products\" data-columns=\"4\" data-content-visibility=\"{&quot;image&quot;:true,&quot;title&quot;:true,&quot;price&quot;:true,&quot;rating&quot;:false,&quot;button&quot;:false}\" data-products=\"[448,453,456,461,470,524,522]\" class=\"wc-block-grid wp-block-handpicked-products wp-block-woocommerce-handpicked-products wc-block-handpicked-products has-4-columns has-multiple-rows alignwide alignwide\"><ul class=\"wc-block-grid__products\"><li class=\"wc-block-grid__product\">\n\t\t\t\t<a href=\"https:\/\/luacrafts.com\/es\/product\/wise-dragons\/\" class=\"wc-block-grid__product-link\">\n\t\t\t\t\t\n\t\t\t\t\t<div class=\"wc-block-grid__product-image\"><img decoding=\"async\" width=\"300\" height=\"300\" src=\"https:\/\/i0.wp.com\/luacrafts.com\/wp-content\/uploads\/wise-dragons-trio.jpg?resize=300%2C300&amp;ssl=1\" class=\"attachment-woocommerce_thumbnail size-woocommerce_thumbnail\" alt=\"Wise Dragons\" srcset=\"https:\/\/i0.wp.com\/luacrafts.com\/wp-content\/uploads\/wise-dragons-trio.jpg?resize=150%2C150&amp;ssl=1 150w, https:\/\/i0.wp.com\/luacrafts.com\/wp-content\/uploads\/wise-dragons-trio.jpg?resize=300%2C300&amp;ssl=1 300w, https:\/\/i0.wp.com\/luacrafts.com\/wp-content\/uploads\/wise-dragons-trio.jpg?resize=100%2C100&amp;ssl=1 100w, https:\/\/i0.wp.com\/luacrafts.com\/wp-content\/uploads\/wise-dragons-trio.jpg?zoom=2&amp;resize=300%2C300&amp;ssl=1 600w, https:\/\/i0.wp.com\/luacrafts.com\/wp-content\/uploads\/wise-dragons-trio.jpg?zoom=3&amp;resize=300%2C300&amp;ssl=1 900w\" sizes=\"(max-width: 300px) 100vw, 300px\" \/><\/div>\n\t\t\t\t\t<div class=\"wc-block-grid__product-title\">Dragones sabios<\/div>\n\t\t\t\t<\/a>\n\t\t\t\t<div class=\"wc-block-grid__product-price price\"><span class=\"woocommerce-Price-amount amount\"><span class=\"woocommerce-Price-currencySymbol\">&#036;<\/span>15.00<\/span><\/div>\n\t\t\t\t\n\t\t\t\t\n\t\t\t<\/li><li class=\"wc-block-grid__product\">\n\t\t\t\t<a href=\"https:\/\/luacrafts.com\/es\/product\/pencil-holder\/\" class=\"wc-block-grid__product-link\">\n\t\t\t\t\t\n\t\t\t\t\t<div class=\"wc-block-grid__product-image\"><img decoding=\"async\" width=\"300\" height=\"300\" src=\"https:\/\/i0.wp.com\/luacrafts.com\/wp-content\/uploads\/pencil-holder-set.jpg?resize=300%2C300&amp;ssl=1\" class=\"attachment-woocommerce_thumbnail size-woocommerce_thumbnail\" alt=\"Pencil Holder\" srcset=\"https:\/\/i0.wp.com\/luacrafts.com\/wp-content\/uploads\/pencil-holder-set.jpg?resize=150%2C150&amp;ssl=1 150w, https:\/\/i0.wp.com\/luacrafts.com\/wp-content\/uploads\/pencil-holder-set.jpg?resize=300%2C300&amp;ssl=1 300w, https:\/\/i0.wp.com\/luacrafts.com\/wp-content\/uploads\/pencil-holder-set.jpg?resize=100%2C100&amp;ssl=1 100w, https:\/\/i0.wp.com\/luacrafts.com\/wp-content\/uploads\/pencil-holder-set.jpg?zoom=2&amp;resize=300%2C300&amp;ssl=1 600w, https:\/\/i0.wp.com\/luacrafts.com\/wp-content\/uploads\/pencil-holder-set.jpg?zoom=3&amp;resize=300%2C300&amp;ssl=1 900w\" sizes=\"(max-width: 300px) 100vw, 300px\" \/><\/div>\n\t\t\t\t\t<div class=\"wc-block-grid__product-title\">Portal\u00e1pices<\/div>\n\t\t\t\t<\/a>\n\t\t\t\t<div class=\"wc-block-grid__product-price price\"><span class=\"woocommerce-Price-amount amount\"><span class=\"woocommerce-Price-currencySymbol\">&#036;<\/span>7.00<\/span><\/div>\n\t\t\t\t\n\t\t\t\t\n\t\t\t<\/li><li class=\"wc-block-grid__product\">\n\t\t\t\t<a href=\"https:\/\/luacrafts.com\/es\/product\/frog\/\" class=\"wc-block-grid__product-link\">\n\t\t\t\t\t\n\t\t\t\t\t<div class=\"wc-block-grid__product-image\"><img decoding=\"async\" width=\"300\" height=\"300\" src=\"https:\/\/i0.wp.com\/luacrafts.com\/wp-content\/uploads\/frog.jpg?resize=300%2C300&amp;ssl=1\" class=\"attachment-woocommerce_thumbnail size-woocommerce_thumbnail\" alt=\"Frog\" srcset=\"https:\/\/i0.wp.com\/luacrafts.com\/wp-content\/uploads\/frog.jpg?resize=150%2C150&amp;ssl=1 150w, https:\/\/i0.wp.com\/luacrafts.com\/wp-content\/uploads\/frog.jpg?resize=300%2C300&amp;ssl=1 300w, https:\/\/i0.wp.com\/luacrafts.com\/wp-content\/uploads\/frog.jpg?resize=100%2C100&amp;ssl=1 100w, https:\/\/i0.wp.com\/luacrafts.com\/wp-content\/uploads\/frog.jpg?zoom=2&amp;resize=300%2C300&amp;ssl=1 600w, https:\/\/i0.wp.com\/luacrafts.com\/wp-content\/uploads\/frog.jpg?zoom=3&amp;resize=300%2C300&amp;ssl=1 900w\" sizes=\"(max-width: 300px) 100vw, 300px\" \/><\/div>\n\t\t\t\t\t<div class=\"wc-block-grid__product-title\">Rana<\/div>\n\t\t\t\t<\/a>\n\t\t\t\t<div class=\"wc-block-grid__product-price price\"><span class=\"woocommerce-Price-amount amount\"><span class=\"woocommerce-Price-currencySymbol\">&#036;<\/span>15.00<\/span><\/div>\n\t\t\t\t\n\t\t\t\t\n\t\t\t<\/li><li class=\"wc-block-grid__product\">\n\t\t\t\t<a href=\"https:\/\/luacrafts.com\/es\/product\/coaster\/\" class=\"wc-block-grid__product-link\">\n\t\t\t\t\t\n\t\t\t\t\t<div class=\"wc-block-grid__product-image\"><img decoding=\"async\" width=\"300\" height=\"300\" src=\"https:\/\/i0.wp.com\/luacrafts.com\/wp-content\/uploads\/coaster.jpg?resize=300%2C300&amp;ssl=1\" class=\"attachment-woocommerce_thumbnail size-woocommerce_thumbnail\" alt=\"Coaster\" srcset=\"https:\/\/i0.wp.com\/luacrafts.com\/wp-content\/uploads\/coaster.jpg?resize=150%2C150&amp;ssl=1 150w, https:\/\/i0.wp.com\/luacrafts.com\/wp-content\/uploads\/coaster.jpg?resize=300%2C300&amp;ssl=1 300w, https:\/\/i0.wp.com\/luacrafts.com\/wp-content\/uploads\/coaster.jpg?resize=100%2C100&amp;ssl=1 100w, https:\/\/i0.wp.com\/luacrafts.com\/wp-content\/uploads\/coaster.jpg?zoom=2&amp;resize=300%2C300&amp;ssl=1 600w, https:\/\/i0.wp.com\/luacrafts.com\/wp-content\/uploads\/coaster.jpg?zoom=3&amp;resize=300%2C300&amp;ssl=1 900w\" sizes=\"(max-width: 300px) 100vw, 300px\" \/><\/div>\n\t\t\t\t\t<div class=\"wc-block-grid__product-title\">Posavasos<\/div>\n\t\t\t\t<\/a>\n\t\t\t\t<div class=\"wc-block-grid__product-price price\"><span class=\"woocommerce-Price-amount amount\" aria-hidden=\"true\"><span class=\"woocommerce-Price-currencySymbol\">&#036;<\/span>7.00<\/span> <span aria-hidden=\"true\">\u2013<\/span> <span class=\"woocommerce-Price-amount amount\" aria-hidden=\"true\"><span class=\"woocommerce-Price-currencySymbol\">&#036;<\/span>9.00<\/span><span class=\"screen-reader-text\" data-no-translation=\"\" data-trp-gettext=\"\">Rango de precios: &#036;7.00 a &#036;9.00<\/span><\/div>\n\t\t\t\t\n\t\t\t\t\n\t\t\t<\/li><li class=\"wc-block-grid__product\">\n\t\t\t\t<a href=\"https:\/\/luacrafts.com\/es\/product\/christmas-gnome\/\" class=\"wc-block-grid__product-link\">\n\t\t\t\t\t\n\t\t\t\t\t<div class=\"wc-block-grid__product-image\"><img decoding=\"async\" width=\"300\" height=\"300\" src=\"https:\/\/i0.wp.com\/luacrafts.com\/wp-content\/uploads\/christmas-gnome.jpg?resize=300%2C300&amp;ssl=1\" class=\"attachment-woocommerce_thumbnail size-woocommerce_thumbnail\" alt=\"Christmas Gnome\" srcset=\"https:\/\/i0.wp.com\/luacrafts.com\/wp-content\/uploads\/christmas-gnome.jpg?resize=150%2C150&amp;ssl=1 150w, https:\/\/i0.wp.com\/luacrafts.com\/wp-content\/uploads\/christmas-gnome.jpg?resize=300%2C300&amp;ssl=1 300w, https:\/\/i0.wp.com\/luacrafts.com\/wp-content\/uploads\/christmas-gnome.jpg?resize=100%2C100&amp;ssl=1 100w, https:\/\/i0.wp.com\/luacrafts.com\/wp-content\/uploads\/christmas-gnome.jpg?zoom=2&amp;resize=300%2C300&amp;ssl=1 600w, https:\/\/i0.wp.com\/luacrafts.com\/wp-content\/uploads\/christmas-gnome.jpg?zoom=3&amp;resize=300%2C300&amp;ssl=1 900w\" sizes=\"(max-width: 300px) 100vw, 300px\" \/><\/div>\n\t\t\t\t\t<div class=\"wc-block-grid__product-title\">Gnomo de Navidad<\/div>\n\t\t\t\t<\/a>\n\t\t\t\t<div class=\"wc-block-grid__product-price price\"><span class=\"woocommerce-Price-amount amount\" aria-hidden=\"true\"><span class=\"woocommerce-Price-currencySymbol\">&#036;<\/span>14.00<\/span> <span aria-hidden=\"true\">\u2013<\/span> <span class=\"woocommerce-Price-amount amount\" aria-hidden=\"true\"><span class=\"woocommerce-Price-currencySymbol\">&#036;<\/span>15.00<\/span><span class=\"screen-reader-text\" data-no-translation=\"\" data-trp-gettext=\"\">Rango de precios: &#036;14.00 a &#036;15.00<\/span><\/div>\n\t\t\t\t\n\t\t\t\t\n\t\t\t<\/li><li class=\"wc-block-grid__product\">\n\t\t\t\t<a href=\"https:\/\/luacrafts.com\/es\/product\/book-shaped-box\/\" class=\"wc-block-grid__product-link\">\n\t\t\t\t\t\n\t\t\t\t\t<div class=\"wc-block-grid__product-image\"><img decoding=\"async\" width=\"300\" height=\"300\" src=\"https:\/\/i0.wp.com\/luacrafts.com\/wp-content\/uploads\/book-shaped-box.jpg?resize=300%2C300&amp;ssl=1\" class=\"attachment-woocommerce_thumbnail size-woocommerce_thumbnail\" alt=\"Book Shaped Box\" srcset=\"https:\/\/i0.wp.com\/luacrafts.com\/wp-content\/uploads\/book-shaped-box.jpg?resize=150%2C150&amp;ssl=1 150w, https:\/\/i0.wp.com\/luacrafts.com\/wp-content\/uploads\/book-shaped-box.jpg?resize=300%2C300&amp;ssl=1 300w, https:\/\/i0.wp.com\/luacrafts.com\/wp-content\/uploads\/book-shaped-box.jpg?resize=100%2C100&amp;ssl=1 100w, https:\/\/i0.wp.com\/luacrafts.com\/wp-content\/uploads\/book-shaped-box.jpg?zoom=2&amp;resize=300%2C300&amp;ssl=1 600w, https:\/\/i0.wp.com\/luacrafts.com\/wp-content\/uploads\/book-shaped-box.jpg?zoom=3&amp;resize=300%2C300&amp;ssl=1 900w\" sizes=\"(max-width: 300px) 100vw, 300px\" \/><\/div>\n\t\t\t\t\t<div class=\"wc-block-grid__product-title\">Caja con forma de libro<\/div>\n\t\t\t\t<\/a>\n\t\t\t\t<div class=\"wc-block-grid__product-price price\"><span class=\"woocommerce-Price-amount amount\"><span class=\"woocommerce-Price-currencySymbol\">&#036;<\/span>20.00<\/span><\/div>\n\t\t\t\t\n\t\t\t\t\n\t\t\t<\/li><li class=\"wc-block-grid__product\">\n\t\t\t\t<a href=\"https:\/\/luacrafts.com\/es\/product\/airpod-case\/\" class=\"wc-block-grid__product-link\">\n\t\t\t\t\t\n\t\t\t\t\t<div class=\"wc-block-grid__product-image\"><img decoding=\"async\" width=\"300\" height=\"300\" src=\"https:\/\/i0.wp.com\/luacrafts.com\/wp-content\/uploads\/airpod-case.jpg?resize=300%2C300&amp;ssl=1\" class=\"attachment-woocommerce_thumbnail size-woocommerce_thumbnail\" alt=\"Airpod Case\" srcset=\"https:\/\/i0.wp.com\/luacrafts.com\/wp-content\/uploads\/airpod-case.jpg?resize=150%2C150&amp;ssl=1 150w, https:\/\/i0.wp.com\/luacrafts.com\/wp-content\/uploads\/airpod-case.jpg?resize=300%2C300&amp;ssl=1 300w, https:\/\/i0.wp.com\/luacrafts.com\/wp-content\/uploads\/airpod-case.jpg?resize=100%2C100&amp;ssl=1 100w, https:\/\/i0.wp.com\/luacrafts.com\/wp-content\/uploads\/airpod-case.jpg?zoom=2&amp;resize=300%2C300&amp;ssl=1 600w, https:\/\/i0.wp.com\/luacrafts.com\/wp-content\/uploads\/airpod-case.jpg?zoom=3&amp;resize=300%2C300&amp;ssl=1 900w\" sizes=\"(max-width: 300px) 100vw, 300px\" \/><\/div>\n\t\t\t\t\t<div class=\"wc-block-grid__product-title\">Estuche para Airpods<\/div>\n\t\t\t\t<\/a>\n\t\t\t\t<div class=\"wc-block-grid__product-price price\"><span class=\"woocommerce-Price-amount amount\"><span class=\"woocommerce-Price-currencySymbol\">&#036;<\/span>5.00<\/span><\/div>\n\t\t\t\t\n\t\t\t\t\n\t\t\t<\/li><\/ul><\/div><\/div>\n\n\n\n<div class=\"wp-block-group alignfull has-background-background-color has-background has-global-padding is-layout-constrained wp-container-core-group-is-layout-1d9d2c78 wp-block-group-is-layout-constrained\" style=\"margin-top:0;margin-bottom:0;padding-top:var(--wp--preset--spacing--60);padding-right:var(--wp--preset--spacing--30);padding-bottom:var(--wp--preset--spacing--60);padding-left:var(--wp--preset--spacing--30)\">\n<div class=\"wp-block-media-text alignwide has-media-on-the-right is-stacked-on-mobile is-image-fill-element has-background-background-color has-background\"><div class=\"wp-block-media-text__content\">\n<div class=\"wp-block-group has-global-padding is-layout-constrained wp-block-group-is-layout-constrained\" style=\"padding-top:var(--wp--preset--spacing--50);padding-bottom:var(--wp--preset--spacing--50)\">\n<figure class=\"wp-block-image size-large is-resized ext-aspect-landscape wp-duotone-primary-foreground\"><img decoding=\"async\" src=\"data:image\/svg+xml;base64,PHN2ZyB4bWxucz0iaHR0cDovL3d3dy53My5vcmcvMjAwMC9zdmciIHdpZHRoPSI0OCIgaGVpZ2h0PSI0OCIgZmlsbD0ibm9uZSIgdmlld0JveD0iMCAwIDQ4IDQ4Ij48bWFzayBpZD0iYSIgd2lkdGg9IjQ4IiBoZWlnaHQ9IjQ4IiB4PSIwIiB5PSIwIiBtYXNrVW5pdHM9InVzZXJTcGFjZU9uVXNlIiBzdHlsZT0ibWFzay10eXBlOmFscGhhIj48cGF0aCBmaWxsPSIjRDlEOUQ5IiBkPSJNMCAwaDQ4djQ4SDB6Ii8+PC9tYXNrPjxnIG1hc2s9InVybCgjYSkiPjxwYXRoIGZpbGw9IiMxQzFCMUYiIGQ9Im00IDQ0IDkuMy0yNiAxNi44NSAxNi42NUw0IDQ0Wm01LjA1LTUuMDUgMTUuNy01LjYtMTAuMTUtMTAuMi01LjU1IDE1LjhabTE4LjgtMTMuMi0xLjctMS43IDEyLTEyYzEuMDY3LTEuMDY3IDIuNDE3LTEuNjA4IDQuMDUtMS42MjUgMS42MzMtLjAxNyAyLjk4My41MDggNC4wNSAxLjU3NWwuODUuODUtMS43IDEuNy0uOTUtLjk1Yy0uNjMzLS42MzMtMS4zNjctLjk1OC0yLjItLjk3NS0uODMzLS4wMTctMS41ODMuMzA4LTIuMjUuOTc1TDI3Ljg1IDI1Ljc1Wk0xOS45IDE4bC0xLjctMS43IDEuNS0xLjVjLjc2Ny0uNzY3IDEuMTI1LTEuNjQyIDEuMDc1LTIuNjI1LS4wNS0uOTgzLS40MDgtMS44MDgtMS4wNzUtMi40NzVsLTEuNC0xLjRMMjAgNi42bDEuMyAxLjNjMS4xNjcgMS4xNjcgMS43NDIgMi42MjUgMS43MjUgNC4zNzUtLjAxNyAxLjc1LS42MDggMy4yMDgtMS43NzUgNC4zNzVMMTkuOSAxOFptNC4wNSAzLjg1LTEuNy0xLjcgNy42LTcuNmMuNjMzLS42MzMuOTQyLTEuNDQyLjkyNS0yLjQyNS0uMDE3LS45ODMtLjM0Mi0xLjc5Mi0uOTc1LTIuNDI1bC0zLjA1LTMuMDUgMS43LTEuN0wzMS42IDYuMWMxLjAzMyAxLjA2NyAxLjU2NyAyLjQwOCAxLjYgNC4wMjUuMDMzIDEuNjE3LS40ODMgMi45NTgtMS41NSA0LjAyNWwtNy43IDcuN1ptNy45IDcuOTUtMS43LTEuNyAyLjM1LTIuMzVjMS4xNjctMS4xNjcgMi41NjctMS43NjcgNC4yLTEuOCAxLjYzMy0uMDMzIDMuMDMzLjUzMyA0LjIgMS43bDIuNTUgMi41NS0xLjcgMS43LTIuNi0yLjZjLS43NjctLjc2Ny0xLjU2Ny0xLjE1LTIuNC0xLjE1cy0xLjYzMy4zODMtMi40IDEuMTVsLTIuNSAyLjVaIi8+PC9nPjwvc3ZnPg==\" alt=\"discover\" style=\"object-fit:cover;width:48px;height:48px\"\/><\/figure>\n\n\n\n<div class=\"wp-block-group has-global-padding is-layout-constrained wp-block-group-is-layout-constrained\">\n<h2 class=\"wp-block-heading has-large-font-size\">Descubra creaciones \u00fanicas de resina: \u00a1encienda su pasi\u00f3n!<\/h2>\n\n\n\n<p style=\"margin-top:16px\">\u00a1Consulta nuestras ofertas exclusivas en impresionantes joyas de resina, decoraci\u00f3n del hogar y mucho m\u00e1s! \u00a1Te esperan ofertas por tiempo limitado!<\/p>\n\n\n\n<div class=\"wp-block-buttons is-layout-flex wp-block-buttons-is-layout-flex\" style=\"margin-top:var(--wp--preset--spacing--40)\">\n<div class=\"wp-block-button\"><a class=\"wp-block-button__link wp-element-button\" href=\"\/es\/products\/\">Explorar ahora<\/a><\/div>\n<\/div>\n<\/div>\n<\/div>\n<\/div><figure class=\"wp-block-media-text__media\"><img data-recalc-dims=\"1\" height=\"1024\" width=\"766\" decoding=\"async\" src=\"https:\/\/i0.wp.com\/luacrafts.com\/wp-content\/uploads\/20241123_093412.jpg?resize=766%2C1024&#038;ssl=1\" alt=\"Sample Products at our first bazaar\" class=\"wp-image-552 size-full\" style=\"object-position:50% 50%\"\/><\/figure><\/div>\n\n\n\n<div class=\"wp-block-columns alignwide are-vertically-aligned-top is-layout-flex wp-container-core-columns-is-layout-9effc7d7 wp-block-columns-is-layout-flex\">\n<div class=\"wp-block-column is-vertically-aligned-top is-layout-flow wp-block-column-is-layout-flow\"><\/div>\n<\/div>\n<\/div>\n\n\n\n<div class=\"wp-block-group alignfull has-tertiary-background-color has-background has-global-padding is-layout-constrained wp-container-core-group-is-layout-7276a2bb wp-block-group-is-layout-constrained\" id=\"contact\" style=\"margin-top:0;margin-bottom:0;padding-top:var(--wp--preset--spacing--60);padding-right:var(--wp--preset--spacing--30);padding-bottom:var(--wp--preset--spacing--60);padding-left:var(--wp--preset--spacing--30)\">\n<div class=\"wp-block-columns alignwide is-layout-flex wp-container-core-columns-is-layout-fa584acd wp-block-columns-is-layout-flex\">\n<div class=\"wp-block-column is-layout-flow wp-block-column-is-layout-flow\" style=\"flex-basis:50%\">\n<h2 class=\"wp-block-heading has-large-font-size\">Con\u00e9ctate con LuA Resin Crafts: \u00a1crea tu propio viaje!<\/h2>\n\n\n<div><a class=\"noline pointer\" style=\"color: #25d366; font-size: 24px;\" onclick=\"whatsapp('OTM5MzgyNTExNQ==')\" target=\"_blank\" rel=\"noopener\"><i class=\"fab fa-whatsapp\" aria-hidden=\"true\"><\/i> <small>WhatsApp<\/small><\/a> \u00a0 <a class=\"noline pointer\" style=\"color: #25d366; font-size: 24px;\" target=\"_blank\" rel=\"noopener\"><i class=\"fas fa-sms\" aria-hidden=\"true\"><\/i> <small>Texto<\/small><\/a><\/div>\n<div><a class=\"noline pointer\" href=\"\/es\/contact\/#contactus\"onclick=\"sms('OTM5MzgyNTExNQ==')\" target=\"_blank\"><i class=\"fas fa-envelope\" aria-hidden=\"true\"><\/i> luarol@luacrafts.com<\/a><\/div><\/div>\n<\/div>\n<\/div>\n\n\n\n<div class=\"wp-block-group alignfull has-background-background-color has-background has-global-padding is-layout-constrained wp-container-core-group-is-layout-3aee6534 wp-block-group-is-layout-constrained\" id=\"features\" style=\"margin-top:0;margin-bottom:0;padding-top:var(--wp--preset--spacing--20);padding-right:var(--wp--preset--spacing--20);padding-bottom:var(--wp--preset--spacing--20);padding-left:var(--wp--preset--spacing--20)\">\n<div class=\"wp-block-group alignwide has-global-padding is-content-justification-left is-layout-constrained wp-container-core-group-is-layout-12dd3699 wp-block-group-is-layout-constrained\">\n<h2 class=\"wp-block-heading has-large-font-size\">\u00bfPor qu\u00e9 elegir LuA Resin Crafts?<\/h2>\n\n\n\n<p style=\"margin-top:16px\">LuA Resin Crafts brilla por su creatividad y calidad. Nos tomamos nuestro trabajo en serio y queremos sacarte una sonrisa. Nuestros productos est\u00e1n elaborados con ingredientes de calidad.<\/p>\n<\/div>\n\n\n\n<div class=\"wp-block-columns alignwide is-layout-flex wp-container-core-columns-is-layout-87beb0d0 wp-block-columns-is-layout-flex\">\n<div class=\"wp-block-column has-background-background-color has-background is-layout-flow wp-block-column-is-layout-flow\" style=\"padding-top:1.5rem;padding-right:1.5rem;padding-bottom:1.5rem;padding-left:1.5rem\">\n<h3 class=\"wp-block-heading\" style=\"font-size:clamp(14px, 0.875rem + ((1vw - 3.2px) * 0.625), 20px);line-height:1.5\">Creaciones artesanales \u00fanicas en resina<\/h3>\n\n\n\n<p class=\"has-small-font-size\" style=\"margin-top:8px\">Explora tu estilo con nuestras exclusivas joyas de resina y decoraci\u00f3n para el hogar. <\/p>\n<\/div>\n\n\n\n<div class=\"wp-block-column has-background-background-color has-background is-layout-flow wp-block-column-is-layout-flow\" style=\"padding-top:1.5rem;padding-right:1.5rem;padding-bottom:1.5rem;padding-left:1.5rem\">\n<h3 class=\"wp-block-heading\" style=\"font-size:clamp(14px, 0.875rem + ((1vw - 3.2px) * 0.625), 20px);line-height:1.5\">Celebrando la artesan\u00eda<\/h3>\n\n\n\n<p class=\"has-small-font-size\" style=\"margin-top:8px\">LuA Resin Crafts: M\u00e1s all\u00e1 de los productos, celebramos la artesan\u00eda.<\/p>\n<\/div>\n<\/div>\n<\/div>\n\n\n\n<p><\/p>","protected":false},"excerpt":{"rendered":"<p>\u00a1Encuentra tu pieza perfecta en LuA Resin Crafts! \u00a1Explora la creatividad infinita de LuA Resin Crafts! Sum\u00e9rgete en un mundo de tesoros artesanales, desde joyer\u00eda hasta decoraci\u00f3n para el hogar. Usamos nuestra creatividad para dar vida a tu estilo. Maravillas de resina aqu\u00ed. Visita nuestra galer\u00eda en l\u00ednea y descubre piezas de resina \u00fanicas que alegran cada [\u2026]<\/p>","protected":false},"author":1,"featured_media":0,"parent":0,"menu_order":0,"comment_status":"closed","ping_status":"closed","template":"no-title","meta":{"_monsterinsights_skip_tracking":false,"_monsterinsights_sitenote_active":false,"_monsterinsights_sitenote_note":"","_monsterinsights_sitenote_category":0,"footnotes":""},"class_list":["post-16","page","type-page","status-publish","hentry"],"aioseo_notices":[],"jetpack_sharing_enabled":true,"_links":{"self":[{"href":"https:\/\/luacrafts.com\/es\/wp-json\/wp\/v2\/pages\/16","targetHints":{"allow":["GET"]}}],"collection":[{"href":"https:\/\/luacrafts.com\/es\/wp-json\/wp\/v2\/pages"}],"about":[{"href":"https:\/\/luacrafts.com\/es\/wp-json\/wp\/v2\/types\/page"}],"author":[{"embeddable":true,"href":"https:\/\/luacrafts.com\/es\/wp-json\/wp\/v2\/users\/1"}],"replies":[{"embeddable":true,"href":"https:\/\/luacrafts.com\/es\/wp-json\/wp\/v2\/comments?post=16"}],"version-history":[{"count":10,"href":"https:\/\/luacrafts.com\/es\/wp-json\/wp\/v2\/pages\/16\/revisions"}],"predecessor-version":[{"id":610,"href":"https:\/\/luacrafts.com\/es\/wp-json\/wp\/v2\/pages\/16\/revisions\/610"}],"wp:attachment":[{"href":"https:\/\/luacrafts.com\/es\/wp-json\/wp\/v2\/media?parent=16"}],"curies":[{"name":"wp","href":"https:\/\/api.w.org\/{rel}","templated":true}]}}