{"id":461,"date":"2024-11-19T00:16:17","date_gmt":"2024-11-19T04:16:17","guid":{"rendered":"https:\/\/luacrafts.com\/product\/coaster\/"},"modified":"2024-12-10T02:55:16","modified_gmt":"2024-12-10T06:55:16","slug":"coaster","status":"publish","type":"product","link":"https:\/\/luacrafts.com\/es\/product\/coaster\/","title":{"rendered":"Posavasos"},"content":{"rendered":"<p>Transforme la decoraci\u00f3n de su hogar con nuestros impresionantes posavasos de resina, cada uno de ellos una obra de arte \u00fanica. Estos posavasos vienen en una variedad de colores vibrantes y dise\u00f1os intrincados, lo que garantiza que su decoraci\u00f3n sea siempre \u00fanica. Proteja sus superficies, pero tambi\u00e9n agregue un toque de personalidad a su espacio.<\/p>","protected":false},"excerpt":{"rendered":"<p>Un dise\u00f1o \u00fanico para mantener su bebida preferida mientras protege sus superficies.<\/p>","protected":false},"featured_media":420,"comment_status":"closed","ping_status":"closed","template":"","meta":{"_monsterinsights_skip_tracking":false,"_monsterinsights_sitenote_active":false,"_monsterinsights_sitenote_note":"","_monsterinsights_sitenote_category":0,"jetpack_publicize_message":"","jetpack_publicize_feature_enabled":true,"jetpack_social_post_already_shared":false,"jetpack_social_options":{"image_generator_settings":{"template":"highway","default_image_id":0,"font":"","enabled":false},"version":2}},"product_brand":[],"product_cat":[53,31],"product_tag":[54,55],"class_list":{"0":"post-461","1":"product","2":"type-product","3":"status-publish","4":"has-post-thumbnail","6":"product_cat-coaster","7":"product_cat-home-decor","8":"product_tag-kitchen","9":"product_tag-party","11":"first","12":"instock","13":"shipping-taxable","14":"purchasable","15":"product-type-variable","16":"has-default-attributes"},"aioseo_notices":[],"jetpack_publicize_connections":[],"jetpack_sharing_enabled":true,"_links":{"self":[{"href":"https:\/\/luacrafts.com\/es\/wp-json\/wp\/v2\/product\/461","targetHints":{"allow":["GET"]}}],"collection":[{"href":"https:\/\/luacrafts.com\/es\/wp-json\/wp\/v2\/product"}],"about":[{"href":"https:\/\/luacrafts.com\/es\/wp-json\/wp\/v2\/types\/product"}],"replies":[{"embeddable":true,"href":"https:\/\/luacrafts.com\/es\/wp-json\/wp\/v2\/comments?post=461"}],"wp:featuredmedia":[{"embeddable":true,"href":"https:\/\/luacrafts.com\/es\/wp-json\/wp\/v2\/media\/420"}],"wp:attachment":[{"href":"https:\/\/luacrafts.com\/es\/wp-json\/wp\/v2\/media?parent=461"}],"wp:term":[{"taxonomy":"product_brand","embeddable":true,"href":"https:\/\/luacrafts.com\/es\/wp-json\/wp\/v2\/product_brand?post=461"},{"taxonomy":"product_cat","embeddable":true,"href":"https:\/\/luacrafts.com\/es\/wp-json\/wp\/v2\/product_cat?post=461"},{"taxonomy":"product_tag","embeddable":true,"href":"https:\/\/luacrafts.com\/es\/wp-json\/wp\/v2\/product_tag?post=461"}],"curies":[{"name":"wp","href":"https:\/\/api.w.org\/{rel}","templated":true}]}}