{"id":522,"date":"2024-11-20T16:41:16","date_gmt":"2024-11-20T20:41:16","guid":{"rendered":"https:\/\/luacrafts.com\/?post_type=product&#038;p=522"},"modified":"2024-11-20T16:52:10","modified_gmt":"2024-11-20T20:52:10","slug":"pencil-holder","status":"publish","type":"product","link":"https:\/\/luacrafts.com\/es\/product\/pencil-holder\/","title":{"rendered":"Portal\u00e1pices"},"content":{"rendered":"<p>Mejore su espacio de trabajo con nuestro elegante portal\u00e1pices, dise\u00f1ado para combinar funcionalidad y atractivo est\u00e9tico. Disponible en una variedad de colores y formas, este portal\u00e1pices es perfecto para mantener su escritorio ordenado y, al mismo tiempo, agregar un toque de personalidad a su decoraci\u00f3n.<\/p>","protected":false},"excerpt":{"rendered":"<p>Un elegante portal\u00e1pices, dise\u00f1ado para combinar funcionalidad y atractivo est\u00e9tico.<\/p>","protected":false},"featured_media":505,"comment_status":"closed","ping_status":"closed","template":"","meta":{"_monsterinsights_skip_tracking":false,"_monsterinsights_sitenote_active":false,"_monsterinsights_sitenote_note":"","_monsterinsights_sitenote_category":0,"jetpack_publicize_message":"","jetpack_publicize_feature_enabled":true,"jetpack_social_post_already_shared":false,"jetpack_social_options":{"image_generator_settings":{"template":"highway","default_image_id":0,"font":"","enabled":false},"version":2}},"product_brand":[],"product_cat":[32,31],"product_tag":[39,60,49],"class_list":{"0":"post-522","1":"product","2":"type-product","3":"status-publish","4":"has-post-thumbnail","6":"product_cat-gifts","7":"product_cat-home-decor","8":"product_tag-gift-ideas","9":"product_tag-office","10":"product_tag-practical","12":"first","13":"instock","14":"shipping-taxable","15":"purchasable","16":"product-type-variable"},"aioseo_notices":[],"jetpack_publicize_connections":[],"jetpack_sharing_enabled":true,"_links":{"self":[{"href":"https:\/\/luacrafts.com\/es\/wp-json\/wp\/v2\/product\/522","targetHints":{"allow":["GET"]}}],"collection":[{"href":"https:\/\/luacrafts.com\/es\/wp-json\/wp\/v2\/product"}],"about":[{"href":"https:\/\/luacrafts.com\/es\/wp-json\/wp\/v2\/types\/product"}],"replies":[{"embeddable":true,"href":"https:\/\/luacrafts.com\/es\/wp-json\/wp\/v2\/comments?post=522"}],"wp:featuredmedia":[{"embeddable":true,"href":"https:\/\/luacrafts.com\/es\/wp-json\/wp\/v2\/media\/505"}],"wp:attachment":[{"href":"https:\/\/luacrafts.com\/es\/wp-json\/wp\/v2\/media?parent=522"}],"wp:term":[{"taxonomy":"product_brand","embeddable":true,"href":"https:\/\/luacrafts.com\/es\/wp-json\/wp\/v2\/product_brand?post=522"},{"taxonomy":"product_cat","embeddable":true,"href":"https:\/\/luacrafts.com\/es\/wp-json\/wp\/v2\/product_cat?post=522"},{"taxonomy":"product_tag","embeddable":true,"href":"https:\/\/luacrafts.com\/es\/wp-json\/wp\/v2\/product_tag?post=522"}],"curies":[{"name":"wp","href":"https:\/\/api.w.org\/{rel}","templated":true}]}}